{"id":9843,"date":"2024-12-09T17:45:09","date_gmt":"2024-12-09T16:45:09","guid":{"rendered":"https:\/\/fvs-stelltsichvor.de\/wordpress\/?page_id=9843"},"modified":"2024-12-21T11:01:38","modified_gmt":"2024-12-21T10:01:38","slug":"politik","status":"publish","type":"page","link":"https:\/\/fvs-stelltsichvor.de\/wordpress\/politik\/","title":{"rendered":"Politik"},"content":{"rendered":"\n<p class=\"has-large-font-size\">Politik \/ Wirtschaft<\/p>\n\n\n\n<figure class=\"wp-block-image size-full\"><img loading=\"lazy\" decoding=\"async\" width=\"1000\" height=\"750\" src=\"https:\/\/fvs-stelltsichvor.de\/wordpress\/wp-content\/uploads\/2024\/12\/20241210_151427.jpg\" alt=\"\" class=\"wp-image-9882\" srcset=\"https:\/\/fvs-stelltsichvor.de\/wordpress\/wp-content\/uploads\/2024\/12\/20241210_151427.jpg 1000w, https:\/\/fvs-stelltsichvor.de\/wordpress\/wp-content\/uploads\/2024\/12\/20241210_151427-300x225.jpg 300w, https:\/\/fvs-stelltsichvor.de\/wordpress\/wp-content\/uploads\/2024\/12\/20241210_151427-768x576.jpg 768w\" sizes=\"auto, (max-width: 1000px) 100vw, 1000px\" \/><figcaption class=\"wp-element-caption\">Politiklehrer Herr M\u00fcller und Politiklehrerin Frau Bormann<\/figcaption><\/figure>\n\n\n\n<p><strong>kurze Vorstellung des Fachs:<\/strong><\/p>\n\n\n\n<p>\u201eDie da oben machen ja nix!\u201c, \u201eAusl\u00e4nder raus.\u201c und \u201eWas geht mich das an?\u201c. Das sind Spr\u00fcche, die man im Alltag und in den Medien immer wieder h\u00f6rt. Das Fach Politik an der Freiherr-vom-Stein Schule hat es sich zur Aufgabe gemacht, diese Spr\u00fcche zu hinterfragen, Fakten von Fiktion zu trennen und zu erkl\u00e4ren, was Politik eigentlich kann, wie sie funktioniert und wo ihre Grenzen liegen. Au\u00dferdem ist unser Ziel die Sch\u00fclerinnen und Sch\u00fcler zu bef\u00e4higen sich als B\u00fcrger Deutschlands, der EU und der Welt zu verstehen und sich an politischen und wirtschaftlichen Prozessen zu beteiligen.<\/p>\n\n\n\n<p><strong>Zitate:<\/strong><\/p>\n\n\n\n\n\n\n<figure class=\"wp-block-gallery has-nested-images columns-default is-cropped wp-block-gallery-1 is-layout-flex wp-block-gallery-is-layout-flex\">\n<figure class=\"wp-block-image size-large\"><img loading=\"lazy\" decoding=\"async\" width=\"1024\" height=\"768\" data-id=\"9974\" src=\"https:\/\/fvs-stelltsichvor.de\/wordpress\/wp-content\/uploads\/2024\/12\/20241218_095123-1024x768.jpg\" alt=\"\" class=\"wp-image-9974\" srcset=\"https:\/\/fvs-stelltsichvor.de\/wordpress\/wp-content\/uploads\/2024\/12\/20241218_095123-1024x768.jpg 1024w, https:\/\/fvs-stelltsichvor.de\/wordpress\/wp-content\/uploads\/2024\/12\/20241218_095123-300x225.jpg 300w, https:\/\/fvs-stelltsichvor.de\/wordpress\/wp-content\/uploads\/2024\/12\/20241218_095123-768x576.jpg 768w, https:\/\/fvs-stelltsichvor.de\/wordpress\/wp-content\/uploads\/2024\/12\/20241218_095123.jpg 1080w\" sizes=\"auto, (max-width: 1024px) 100vw, 1024px\" \/><\/figure>\n\n\n\n<figure class=\"wp-block-image size-large\"><img loading=\"lazy\" decoding=\"async\" width=\"1024\" height=\"768\" data-id=\"9975\" src=\"https:\/\/fvs-stelltsichvor.de\/wordpress\/wp-content\/uploads\/2024\/12\/20241218_095157-1024x768.jpg\" alt=\"\" class=\"wp-image-9975\" srcset=\"https:\/\/fvs-stelltsichvor.de\/wordpress\/wp-content\/uploads\/2024\/12\/20241218_095157-1024x768.jpg 1024w, https:\/\/fvs-stelltsichvor.de\/wordpress\/wp-content\/uploads\/2024\/12\/20241218_095157-300x225.jpg 300w, https:\/\/fvs-stelltsichvor.de\/wordpress\/wp-content\/uploads\/2024\/12\/20241218_095157-768x576.jpg 768w, https:\/\/fvs-stelltsichvor.de\/wordpress\/wp-content\/uploads\/2024\/12\/20241218_095157.jpg 1080w\" sizes=\"auto, (max-width: 1024px) 100vw, 1024px\" \/><\/figure>\n\n\n\n<figure class=\"wp-block-image size-large\"><img loading=\"lazy\" decoding=\"async\" width=\"1024\" height=\"768\" data-id=\"9976\" src=\"https:\/\/fvs-stelltsichvor.de\/wordpress\/wp-content\/uploads\/2024\/12\/20241218_095352-1024x768.jpg\" alt=\"\" class=\"wp-image-9976\" srcset=\"https:\/\/fvs-stelltsichvor.de\/wordpress\/wp-content\/uploads\/2024\/12\/20241218_095352-1024x768.jpg 1024w, https:\/\/fvs-stelltsichvor.de\/wordpress\/wp-content\/uploads\/2024\/12\/20241218_095352-300x225.jpg 300w, https:\/\/fvs-stelltsichvor.de\/wordpress\/wp-content\/uploads\/2024\/12\/20241218_095352-768x576.jpg 768w, https:\/\/fvs-stelltsichvor.de\/wordpress\/wp-content\/uploads\/2024\/12\/20241218_095352.jpg 1080w\" sizes=\"auto, (max-width: 1024px) 100vw, 1024px\" \/><\/figure>\n\n\n\n<figure class=\"wp-block-image size-large\"><img loading=\"lazy\" decoding=\"async\" width=\"1024\" height=\"768\" data-id=\"9978\" src=\"https:\/\/fvs-stelltsichvor.de\/wordpress\/wp-content\/uploads\/2024\/12\/20241218_095508-1024x768.jpg\" alt=\"\" class=\"wp-image-9978\" srcset=\"https:\/\/fvs-stelltsichvor.de\/wordpress\/wp-content\/uploads\/2024\/12\/20241218_095508-1024x768.jpg 1024w, https:\/\/fvs-stelltsichvor.de\/wordpress\/wp-content\/uploads\/2024\/12\/20241218_095508-300x225.jpg 300w, https:\/\/fvs-stelltsichvor.de\/wordpress\/wp-content\/uploads\/2024\/12\/20241218_095508-768x576.jpg 768w, https:\/\/fvs-stelltsichvor.de\/wordpress\/wp-content\/uploads\/2024\/12\/20241218_095508.jpg 1080w\" sizes=\"auto, (max-width: 1024px) 100vw, 1024px\" \/><\/figure>\n\n\n\n<figure class=\"wp-block-image size-large\"><img loading=\"lazy\" decoding=\"async\" width=\"1024\" height=\"768\" data-id=\"9977\" src=\"https:\/\/fvs-stelltsichvor.de\/wordpress\/wp-content\/uploads\/2024\/12\/20241218_095615-1024x768.jpg\" alt=\"\" class=\"wp-image-9977\" srcset=\"https:\/\/fvs-stelltsichvor.de\/wordpress\/wp-content\/uploads\/2024\/12\/20241218_095615-1024x768.jpg 1024w, https:\/\/fvs-stelltsichvor.de\/wordpress\/wp-content\/uploads\/2024\/12\/20241218_095615-300x225.jpg 300w, https:\/\/fvs-stelltsichvor.de\/wordpress\/wp-content\/uploads\/2024\/12\/20241218_095615-768x576.jpg 768w, https:\/\/fvs-stelltsichvor.de\/wordpress\/wp-content\/uploads\/2024\/12\/20241218_095615.jpg 1080w\" sizes=\"auto, (max-width: 1024px) 100vw, 1024px\" \/><\/figure>\n\n\n\n<figure class=\"wp-block-image size-large\"><img loading=\"lazy\" decoding=\"async\" width=\"1024\" height=\"768\" data-id=\"9973\" src=\"https:\/\/fvs-stelltsichvor.de\/wordpress\/wp-content\/uploads\/2024\/12\/20241218_095847-1-1024x768.jpg\" alt=\"\" class=\"wp-image-9973\" srcset=\"https:\/\/fvs-stelltsichvor.de\/wordpress\/wp-content\/uploads\/2024\/12\/20241218_095847-1-1024x768.jpg 1024w, https:\/\/fvs-stelltsichvor.de\/wordpress\/wp-content\/uploads\/2024\/12\/20241218_095847-1-300x225.jpg 300w, https:\/\/fvs-stelltsichvor.de\/wordpress\/wp-content\/uploads\/2024\/12\/20241218_095847-1-768x576.jpg 768w, https:\/\/fvs-stelltsichvor.de\/wordpress\/wp-content\/uploads\/2024\/12\/20241218_095847-1.jpg 1080w\" sizes=\"auto, (max-width: 1024px) 100vw, 1024px\" \/><\/figure>\n\n\n\n<figure class=\"wp-block-image size-large\"><img loading=\"lazy\" decoding=\"async\" width=\"1024\" height=\"768\" data-id=\"9981\" src=\"https:\/\/fvs-stelltsichvor.de\/wordpress\/wp-content\/uploads\/2024\/12\/20241218_094120-1024x768.jpg\" alt=\"\" class=\"wp-image-9981\" srcset=\"https:\/\/fvs-stelltsichvor.de\/wordpress\/wp-content\/uploads\/2024\/12\/20241218_094120-1024x768.jpg 1024w, https:\/\/fvs-stelltsichvor.de\/wordpress\/wp-content\/uploads\/2024\/12\/20241218_094120-300x225.jpg 300w, https:\/\/fvs-stelltsichvor.de\/wordpress\/wp-content\/uploads\/2024\/12\/20241218_094120-768x576.jpg 768w, https:\/\/fvs-stelltsichvor.de\/wordpress\/wp-content\/uploads\/2024\/12\/20241218_094120.jpg 1080w\" sizes=\"auto, (max-width: 1024px) 100vw, 1024px\" \/><\/figure>\n\n\n\n<figure class=\"wp-block-image size-large\"><img loading=\"lazy\" decoding=\"async\" width=\"1024\" height=\"768\" data-id=\"9980\" src=\"https:\/\/fvs-stelltsichvor.de\/wordpress\/wp-content\/uploads\/2024\/12\/20241218_094907-1024x768.jpg\" alt=\"\" class=\"wp-image-9980\" srcset=\"https:\/\/fvs-stelltsichvor.de\/wordpress\/wp-content\/uploads\/2024\/12\/20241218_094907-1024x768.jpg 1024w, https:\/\/fvs-stelltsichvor.de\/wordpress\/wp-content\/uploads\/2024\/12\/20241218_094907-300x225.jpg 300w, https:\/\/fvs-stelltsichvor.de\/wordpress\/wp-content\/uploads\/2024\/12\/20241218_094907-768x576.jpg 768w, https:\/\/fvs-stelltsichvor.de\/wordpress\/wp-content\/uploads\/2024\/12\/20241218_094907.jpg 1080w\" sizes=\"auto, (max-width: 1024px) 100vw, 1024px\" \/><\/figure>\n\n\n\n<figure class=\"wp-block-image size-large\"><img loading=\"lazy\" decoding=\"async\" width=\"1024\" height=\"768\" data-id=\"9982\" src=\"https:\/\/fvs-stelltsichvor.de\/wordpress\/wp-content\/uploads\/2024\/12\/20241218_094952-1024x768.jpg\" alt=\"\" class=\"wp-image-9982\" srcset=\"https:\/\/fvs-stelltsichvor.de\/wordpress\/wp-content\/uploads\/2024\/12\/20241218_094952-1024x768.jpg 1024w, https:\/\/fvs-stelltsichvor.de\/wordpress\/wp-content\/uploads\/2024\/12\/20241218_094952-300x225.jpg 300w, https:\/\/fvs-stelltsichvor.de\/wordpress\/wp-content\/uploads\/2024\/12\/20241218_094952-768x576.jpg 768w, https:\/\/fvs-stelltsichvor.de\/wordpress\/wp-content\/uploads\/2024\/12\/20241218_094952.jpg 1080w\" sizes=\"auto, (max-width: 1024px) 100vw, 1024px\" \/><\/figure>\n\n\n\n<figure class=\"wp-block-image size-large\"><img loading=\"lazy\" decoding=\"async\" width=\"1024\" height=\"768\" data-id=\"9979\" src=\"https:\/\/fvs-stelltsichvor.de\/wordpress\/wp-content\/uploads\/2024\/12\/20241218_094757-1024x768.jpg\" alt=\"\" class=\"wp-image-9979\" srcset=\"https:\/\/fvs-stelltsichvor.de\/wordpress\/wp-content\/uploads\/2024\/12\/20241218_094757-1024x768.jpg 1024w, https:\/\/fvs-stelltsichvor.de\/wordpress\/wp-content\/uploads\/2024\/12\/20241218_094757-300x225.jpg 300w, https:\/\/fvs-stelltsichvor.de\/wordpress\/wp-content\/uploads\/2024\/12\/20241218_094757-768x576.jpg 768w, https:\/\/fvs-stelltsichvor.de\/wordpress\/wp-content\/uploads\/2024\/12\/20241218_094757.jpg 1080w\" sizes=\"auto, (max-width: 1024px) 100vw, 1024px\" \/><\/figure>\n<\/figure>\n\n\n\n<p><strong>Themen\u00fcbersicht und Bewertungsgrundlage:<\/strong><\/p>\n\n\n\n<p><a href=\"https:\/\/fvs-stelltsichvor.de\/wordpress\/wp-content\/uploads\/2024\/12\/Themenuebersicht-und-Bewertungsgrundlage-PkWi.pdf\">https:\/\/fvs-stelltsichvor.de\/wordpress\/wp-content\/uploads\/2024\/12\/Themenuebersicht-und-Bewertungsgrundlage-PkWi.pdf<\/a><\/p>\n\n\n\n<p><strong>Linksammlung zum Fach:<\/strong><\/p>\n\n\n\n<p><a href=\"https:\/\/www.bpb.de\/themen\/politisches-system\/politik-einfach-fuer-alle\">https:\/\/www.bpb.de\/themen\/politisches-system\/politik-einfach-fuer-alle<\/a><\/p>\n\n\n\n<p><a href=\"https:\/\/www.hanisauland.de\/index.html\">https:\/\/www.hanisauland.de\/index.html<\/a><\/p>\n\n\n\n<p><a href=\"https:\/\/www.planet-schule.de\/fach\/wirtschaft-beruf-100.html\">https:\/\/www.planet-schule.de\/fach\/wirtschaft-beruf-100.html<\/a><\/p>\n\n\n\n<p><a href=\"https:\/\/www.zdf.de\/kinder\/logo\">https:\/\/www.zdf.de\/kinder\/logo<\/a><\/p>\n\n\n\n<p><a href=\"https:\/\/planet-beruf.de\/schuelerinnen\">https:\/\/planet-beruf.de\/schuelerinnen<\/a><\/p>\n","protected":false},"excerpt":{"rendered":"<p>Politik \/ Wirtschaft kurze Vorstellung des Fachs: \u201eDie da oben machen ja nix!\u201c, \u201eAusl\u00e4nder raus.\u201c und \u201eWas geht mich das an?\u201c. Das sind Spr\u00fcche, die man im Alltag und in den Medien immer wieder h\u00f6rt. Das Fach Politik an der Freiherr-vom-Stein Schule hat es sich zur Aufgabe gemacht, diese Spr\u00fcche zu hinterfragen, Fakten von Fiktion [&hellip;]<\/p>\n","protected":false},"author":1,"featured_media":0,"parent":0,"menu_order":0,"comment_status":"closed","ping_status":"closed","template":"","meta":{"footnotes":""},"class_list":["post-9843","page","type-page","status-publish","hentry"],"_links":{"self":[{"href":"https:\/\/fvs-stelltsichvor.de\/wordpress\/wp-json\/wp\/v2\/pages\/9843","targetHints":{"allow":["GET"]}}],"collection":[{"href":"https:\/\/fvs-stelltsichvor.de\/wordpress\/wp-json\/wp\/v2\/pages"}],"about":[{"href":"https:\/\/fvs-stelltsichvor.de\/wordpress\/wp-json\/wp\/v2\/types\/page"}],"author":[{"embeddable":true,"href":"https:\/\/fvs-stelltsichvor.de\/wordpress\/wp-json\/wp\/v2\/users\/1"}],"replies":[{"embeddable":true,"href":"https:\/\/fvs-stelltsichvor.de\/wordpress\/wp-json\/wp\/v2\/comments?post=9843"}],"version-history":[{"count":4,"href":"https:\/\/fvs-stelltsichvor.de\/wordpress\/wp-json\/wp\/v2\/pages\/9843\/revisions"}],"predecessor-version":[{"id":9983,"href":"https:\/\/fvs-stelltsichvor.de\/wordpress\/wp-json\/wp\/v2\/pages\/9843\/revisions\/9983"}],"wp:attachment":[{"href":"https:\/\/fvs-stelltsichvor.de\/wordpress\/wp-json\/wp\/v2\/media?parent=9843"}],"curies":[{"name":"wp","href":"https:\/\/api.w.org\/{rel}","templated":true}]}}