{"id":9683,"date":"2024-12-07T16:39:16","date_gmt":"2024-12-07T15:39:16","guid":{"rendered":"https:\/\/fvs-stelltsichvor.de\/wordpress\/?page_id=9683"},"modified":"2024-12-12T15:55:46","modified_gmt":"2024-12-12T14:55:46","slug":"franzoesisch","status":"publish","type":"page","link":"https:\/\/fvs-stelltsichvor.de\/wordpress\/franzoesisch\/","title":{"rendered":"Franz\u00f6sisch"},"content":{"rendered":"\n<p class=\"has-large-font-size\">Franz\u00f6sisch<\/p>\n\n\n\n<figure class=\"wp-block-image size-large\"><img loading=\"lazy\" decoding=\"async\" width=\"1024\" height=\"768\" src=\"https:\/\/fvs-stelltsichvor.de\/wordpress\/wp-content\/uploads\/2024\/12\/IMG_5086-1024x768.jpeg\" alt=\"\" class=\"wp-image-9893\" srcset=\"https:\/\/fvs-stelltsichvor.de\/wordpress\/wp-content\/uploads\/2024\/12\/IMG_5086-1024x768.jpeg 1024w, https:\/\/fvs-stelltsichvor.de\/wordpress\/wp-content\/uploads\/2024\/12\/IMG_5086-300x225.jpeg 300w, https:\/\/fvs-stelltsichvor.de\/wordpress\/wp-content\/uploads\/2024\/12\/IMG_5086-768x576.jpeg 768w, https:\/\/fvs-stelltsichvor.de\/wordpress\/wp-content\/uploads\/2024\/12\/IMG_5086.jpeg 1200w\" sizes=\"auto, (max-width: 1024px) 100vw, 1024px\" \/><figcaption class=\"wp-element-caption\">Die Stellvertretung Frau Martin und die Vorsitzende des Fachs Franz\u00f6sisch Frau Probst<\/figcaption><\/figure>\n\n\n\n<p><strong>kurze Vorstellung des Fachs:<\/strong><\/p>\n\n\n\n<p>Franz\u00f6sisch an der Freiherr-vom Stein er\u00f6ffnet dir die T\u00fcr zu einer der sch\u00f6nsten Sprachen der Welt und bringt dich kulturell ganz nah an Frankreich und viele andere franz\u00f6sischsprachige L\u00e4nder. Im Unterricht lernst du nicht nur die Sprache, sondern tauchst in die frankophonen Kulturen ein &#8211; mit spannenden Themen wie Musik, Literatur, Film und Kulinarik. So macht es Spa\u00df Franz\u00f6sisch zu lernen!<\/p>\n\n\n\n<p><strong>Zitate:<\/strong><\/p>\n\n\n\n\n\n\n<figure class=\"wp-block-gallery has-nested-images columns-default is-cropped wp-block-gallery-1 is-layout-flex wp-block-gallery-is-layout-flex\">\n<figure class=\"wp-block-image size-large\"><img loading=\"lazy\" decoding=\"async\" width=\"768\" height=\"1024\" data-id=\"9686\" src=\"https:\/\/fvs-stelltsichvor.de\/wordpress\/wp-content\/uploads\/2024\/12\/8bc633a5-63c8-42b6-b700-963eb4fa366f-768x1024.jpeg\" alt=\"\" class=\"wp-image-9686\" srcset=\"https:\/\/fvs-stelltsichvor.de\/wordpress\/wp-content\/uploads\/2024\/12\/8bc633a5-63c8-42b6-b700-963eb4fa366f-768x1024.jpeg 768w, https:\/\/fvs-stelltsichvor.de\/wordpress\/wp-content\/uploads\/2024\/12\/8bc633a5-63c8-42b6-b700-963eb4fa366f-225x300.jpeg 225w, https:\/\/fvs-stelltsichvor.de\/wordpress\/wp-content\/uploads\/2024\/12\/8bc633a5-63c8-42b6-b700-963eb4fa366f-1152x1536.jpeg 1152w, https:\/\/fvs-stelltsichvor.de\/wordpress\/wp-content\/uploads\/2024\/12\/8bc633a5-63c8-42b6-b700-963eb4fa366f.jpeg 1200w\" sizes=\"auto, (max-width: 768px) 100vw, 768px\" \/><\/figure>\n\n\n\n<figure class=\"wp-block-image size-large\"><img loading=\"lazy\" decoding=\"async\" width=\"1024\" height=\"576\" data-id=\"9687\" src=\"https:\/\/fvs-stelltsichvor.de\/wordpress\/wp-content\/uploads\/2024\/12\/deb5d418-9180-463a-8d65-36d606bd1360-1024x576.jpeg\" alt=\"\" class=\"wp-image-9687\" srcset=\"https:\/\/fvs-stelltsichvor.de\/wordpress\/wp-content\/uploads\/2024\/12\/deb5d418-9180-463a-8d65-36d606bd1360-1024x576.jpeg 1024w, https:\/\/fvs-stelltsichvor.de\/wordpress\/wp-content\/uploads\/2024\/12\/deb5d418-9180-463a-8d65-36d606bd1360-300x169.jpeg 300w, https:\/\/fvs-stelltsichvor.de\/wordpress\/wp-content\/uploads\/2024\/12\/deb5d418-9180-463a-8d65-36d606bd1360-768x432.jpeg 768w, https:\/\/fvs-stelltsichvor.de\/wordpress\/wp-content\/uploads\/2024\/12\/deb5d418-9180-463a-8d65-36d606bd1360-1536x864.jpeg 1536w, https:\/\/fvs-stelltsichvor.de\/wordpress\/wp-content\/uploads\/2024\/12\/deb5d418-9180-463a-8d65-36d606bd1360.jpeg 1600w\" sizes=\"auto, (max-width: 1024px) 100vw, 1024px\" \/><\/figure>\n\n\n\n<figure class=\"wp-block-image size-large\"><img loading=\"lazy\" decoding=\"async\" width=\"768\" height=\"1024\" data-id=\"9689\" src=\"https:\/\/fvs-stelltsichvor.de\/wordpress\/wp-content\/uploads\/2024\/12\/IMG_4896-768x1024.jpeg\" alt=\"\" class=\"wp-image-9689\" srcset=\"https:\/\/fvs-stelltsichvor.de\/wordpress\/wp-content\/uploads\/2024\/12\/IMG_4896-768x1024.jpeg 768w, https:\/\/fvs-stelltsichvor.de\/wordpress\/wp-content\/uploads\/2024\/12\/IMG_4896-225x300.jpeg 225w, https:\/\/fvs-stelltsichvor.de\/wordpress\/wp-content\/uploads\/2024\/12\/IMG_4896-1152x1536.jpeg 1152w, https:\/\/fvs-stelltsichvor.de\/wordpress\/wp-content\/uploads\/2024\/12\/IMG_4896.jpeg 1440w\" sizes=\"auto, (max-width: 768px) 100vw, 768px\" \/><\/figure>\n\n\n\n<figure class=\"wp-block-image size-large\"><img loading=\"lazy\" decoding=\"async\" width=\"576\" height=\"1024\" data-id=\"9688\" src=\"https:\/\/fvs-stelltsichvor.de\/wordpress\/wp-content\/uploads\/2024\/12\/9a966e52-6bee-448c-b3ff-5c30d472f1bf-576x1024.jpeg\" alt=\"\" class=\"wp-image-9688\" srcset=\"https:\/\/fvs-stelltsichvor.de\/wordpress\/wp-content\/uploads\/2024\/12\/9a966e52-6bee-448c-b3ff-5c30d472f1bf-576x1024.jpeg 576w, https:\/\/fvs-stelltsichvor.de\/wordpress\/wp-content\/uploads\/2024\/12\/9a966e52-6bee-448c-b3ff-5c30d472f1bf-169x300.jpeg 169w, https:\/\/fvs-stelltsichvor.de\/wordpress\/wp-content\/uploads\/2024\/12\/9a966e52-6bee-448c-b3ff-5c30d472f1bf-768x1365.jpeg 768w, https:\/\/fvs-stelltsichvor.de\/wordpress\/wp-content\/uploads\/2024\/12\/9a966e52-6bee-448c-b3ff-5c30d472f1bf-864x1536.jpeg 864w, https:\/\/fvs-stelltsichvor.de\/wordpress\/wp-content\/uploads\/2024\/12\/9a966e52-6bee-448c-b3ff-5c30d472f1bf.jpeg 900w\" sizes=\"auto, (max-width: 576px) 100vw, 576px\" \/><\/figure>\n\n\n\n<figure class=\"wp-block-image size-large\"><img loading=\"lazy\" decoding=\"async\" width=\"768\" height=\"1024\" data-id=\"9690\" src=\"https:\/\/fvs-stelltsichvor.de\/wordpress\/wp-content\/uploads\/2024\/12\/IMG_4898-768x1024.jpeg\" alt=\"\" class=\"wp-image-9690\" srcset=\"https:\/\/fvs-stelltsichvor.de\/wordpress\/wp-content\/uploads\/2024\/12\/IMG_4898-768x1024.jpeg 768w, https:\/\/fvs-stelltsichvor.de\/wordpress\/wp-content\/uploads\/2024\/12\/IMG_4898-225x300.jpeg 225w, https:\/\/fvs-stelltsichvor.de\/wordpress\/wp-content\/uploads\/2024\/12\/IMG_4898-1152x1536.jpeg 1152w, https:\/\/fvs-stelltsichvor.de\/wordpress\/wp-content\/uploads\/2024\/12\/IMG_4898.jpeg 1440w\" sizes=\"auto, (max-width: 768px) 100vw, 768px\" \/><\/figure>\n\n\n\n<figure class=\"wp-block-image size-large\"><img loading=\"lazy\" decoding=\"async\" width=\"1024\" height=\"847\" data-id=\"9691\" src=\"https:\/\/fvs-stelltsichvor.de\/wordpress\/wp-content\/uploads\/2024\/12\/IMG_4904-1024x847.jpeg\" alt=\"\" class=\"wp-image-9691\" srcset=\"https:\/\/fvs-stelltsichvor.de\/wordpress\/wp-content\/uploads\/2024\/12\/IMG_4904-1024x847.jpeg 1024w, https:\/\/fvs-stelltsichvor.de\/wordpress\/wp-content\/uploads\/2024\/12\/IMG_4904-300x248.jpeg 300w, https:\/\/fvs-stelltsichvor.de\/wordpress\/wp-content\/uploads\/2024\/12\/IMG_4904-768x636.jpeg 768w, https:\/\/fvs-stelltsichvor.de\/wordpress\/wp-content\/uploads\/2024\/12\/IMG_4904-1536x1271.jpeg 1536w, https:\/\/fvs-stelltsichvor.de\/wordpress\/wp-content\/uploads\/2024\/12\/IMG_4904-2048x1695.jpeg 2048w\" sizes=\"auto, (max-width: 1024px) 100vw, 1024px\" \/><\/figure>\n\n\n\n<figure class=\"wp-block-image size-large\"><img loading=\"lazy\" decoding=\"async\" width=\"1024\" height=\"768\" data-id=\"9692\" src=\"https:\/\/fvs-stelltsichvor.de\/wordpress\/wp-content\/uploads\/2024\/12\/IMG_4905-1024x768.jpeg\" alt=\"\" class=\"wp-image-9692\" srcset=\"https:\/\/fvs-stelltsichvor.de\/wordpress\/wp-content\/uploads\/2024\/12\/IMG_4905-1024x768.jpeg 1024w, https:\/\/fvs-stelltsichvor.de\/wordpress\/wp-content\/uploads\/2024\/12\/IMG_4905-300x225.jpeg 300w, https:\/\/fvs-stelltsichvor.de\/wordpress\/wp-content\/uploads\/2024\/12\/IMG_4905-768x576.jpeg 768w, https:\/\/fvs-stelltsichvor.de\/wordpress\/wp-content\/uploads\/2024\/12\/IMG_4905-1536x1152.jpeg 1536w, https:\/\/fvs-stelltsichvor.de\/wordpress\/wp-content\/uploads\/2024\/12\/IMG_4905-2048x1536.jpeg 2048w\" sizes=\"auto, (max-width: 1024px) 100vw, 1024px\" \/><\/figure>\n<\/figure>\n\n\n\n<p><strong>Unser schulinterner Lehrplan:<\/strong><\/p>\n\n\n\n<p><a href=\"https:\/\/fvs-stelltsichvor.de\/wordpress\/wp-content\/uploads\/2024\/12\/SiLp-Franzoesisch-Stand-08_2024.pdf\">https:\/\/fvs-stelltsichvor.de\/wordpress\/wp-content\/uploads\/2024\/12\/SiLp-Franzoesisch-Stand-08_2024.pdf<\/a><\/p>\n\n\n\n<p><strong>Linksammlung zum Fach:<\/strong><\/p>\n\n\n\n<p><a href=\"https:\/\/www.culturetheque.com\/fr\">https:\/\/www.culturetheque.com\/fr<\/a> (Online-Mediathek mit Zeitschriften, B\u00fcchern, Podcasts, Filmen und Co.)<\/p>\n\n\n\n<p><a href=\"https:\/\/www.arte.tv\/de\/videos\/RC-014034\/karambolage\/\">https:\/\/www.arte.tv\/de\/videos\/RC-014034\/karambolage\/<\/a> (Lerne deutsche und franz\u00f6sische Eigenarten auf humorvolle Art und Weise kennen)<\/p>\n\n\n\n<p><a href=\"https:\/\/www.youtube.com\/@franzeprof\">https:\/\/www.youtube.com\/@franzeprof<\/a> (viele hilfreiche Lernvideos zu Grammatik, Textsorten und Dialogen)<\/p>\n\n\n\n<p><a href=\"https:\/\/www.lepointdufle.net\/p\/apprendre_le_francais.htm\">https:\/\/www.lepointdufle.net\/p\/apprendre_le_francais.htm<\/a> (Alle m\u00f6glichen Aufgaben zu Grammatik, Wortschatz, Lesen, Schreiben, Sprechen, H\u00f6ren und Kultur)<\/p>\n","protected":false},"excerpt":{"rendered":"<p>Franz\u00f6sisch kurze Vorstellung des Fachs: Franz\u00f6sisch an der Freiherr-vom Stein er\u00f6ffnet dir die T\u00fcr zu einer der sch\u00f6nsten Sprachen der Welt und bringt dich kulturell ganz nah an Frankreich und viele andere franz\u00f6sischsprachige L\u00e4nder. Im Unterricht lernst du nicht nur die Sprache, sondern tauchst in die frankophonen Kulturen ein &#8211; mit spannenden Themen wie Musik, [&hellip;]<\/p>\n","protected":false},"author":1,"featured_media":0,"parent":0,"menu_order":0,"comment_status":"closed","ping_status":"closed","template":"","meta":{"footnotes":""},"class_list":["post-9683","page","type-page","status-publish","hentry"],"_links":{"self":[{"href":"https:\/\/fvs-stelltsichvor.de\/wordpress\/wp-json\/wp\/v2\/pages\/9683","targetHints":{"allow":["GET"]}}],"collection":[{"href":"https:\/\/fvs-stelltsichvor.de\/wordpress\/wp-json\/wp\/v2\/pages"}],"about":[{"href":"https:\/\/fvs-stelltsichvor.de\/wordpress\/wp-json\/wp\/v2\/types\/page"}],"author":[{"embeddable":true,"href":"https:\/\/fvs-stelltsichvor.de\/wordpress\/wp-json\/wp\/v2\/users\/1"}],"replies":[{"embeddable":true,"href":"https:\/\/fvs-stelltsichvor.de\/wordpress\/wp-json\/wp\/v2\/comments?post=9683"}],"version-history":[{"count":3,"href":"https:\/\/fvs-stelltsichvor.de\/wordpress\/wp-json\/wp\/v2\/pages\/9683\/revisions"}],"predecessor-version":[{"id":9894,"href":"https:\/\/fvs-stelltsichvor.de\/wordpress\/wp-json\/wp\/v2\/pages\/9683\/revisions\/9894"}],"wp:attachment":[{"href":"https:\/\/fvs-stelltsichvor.de\/wordpress\/wp-json\/wp\/v2\/media?parent=9683"}],"curies":[{"name":"wp","href":"https:\/\/api.w.org\/{rel}","templated":true}]}}