{"id":9609,"date":"2024-12-03T16:45:16","date_gmt":"2024-12-03T15:45:16","guid":{"rendered":"https:\/\/fvs-stelltsichvor.de\/wordpress\/?page_id=9609"},"modified":"2025-08-26T14:16:29","modified_gmt":"2025-08-26T12:16:29","slug":"pp","status":"publish","type":"page","link":"https:\/\/fvs-stelltsichvor.de\/wordpress\/pp\/","title":{"rendered":"PP"},"content":{"rendered":"\n<p class=\"has-large-font-size\">Praktische Philosophie<\/p>\n\n\n\n<figure class=\"wp-block-image size-large\"><img loading=\"lazy\" decoding=\"async\" width=\"1024\" height=\"768\" src=\"https:\/\/fvs-stelltsichvor.de\/wordpress\/wp-content\/uploads\/2025\/08\/pp-fachschaft-1024x768.jpg\" alt=\"\" class=\"wp-image-10400\" srcset=\"https:\/\/fvs-stelltsichvor.de\/wordpress\/wp-content\/uploads\/2025\/08\/pp-fachschaft-1024x768.jpg 1024w, https:\/\/fvs-stelltsichvor.de\/wordpress\/wp-content\/uploads\/2025\/08\/pp-fachschaft-300x225.jpg 300w, https:\/\/fvs-stelltsichvor.de\/wordpress\/wp-content\/uploads\/2025\/08\/pp-fachschaft-768x576.jpg 768w, https:\/\/fvs-stelltsichvor.de\/wordpress\/wp-content\/uploads\/2025\/08\/pp-fachschaft-1536x1152.jpg 1536w, https:\/\/fvs-stelltsichvor.de\/wordpress\/wp-content\/uploads\/2025\/08\/pp-fachschaft.jpg 1600w\" sizes=\"auto, (max-width: 1024px) 100vw, 1024px\" \/><figcaption class=\"wp-element-caption\">Die Fachschaft PP mit der Fachvorsitzenden Frau Best (dritte von links) und ihre Stellvertreterin Frau Werner (f\u00fcnfte von links)<\/figcaption><\/figure>\n\n\n\n<p><strong>kurze Vorstellung des Fachs:<\/strong><\/p>\n\n\n\n<p>Wieso, weshalb, warum? Wer nicht fragt bleibt dumm! &#8211; Im Fach Praktische Philosophie haben die Sch\u00fclerinnen und Sch\u00fcler die M\u00f6glichkeit, \u00fcber grundlegende Fragen des Lebens nachzudenken und zu diskutieren. Sie lernen, eigene Standpunkte zu entwickeln, Argumente zu formulieren und sich mit den Meinungen anderer respektvoll auseinanderzusetzen. Das Fach soll dazu beitragen, Werte und Haltungen zu hinterfragen und sich aktiv mit ethischen und gesellschaftlichen Fragestellungen auseinanderzusetzen.<\/p>\n\n\n\n<p><strong>Zitate:<\/strong><\/p>\n\n\n\n","protected":false},"excerpt":{"rendered":"<p>Praktische Philosophie kurze Vorstellung des Fachs: Wieso, weshalb, warum? Wer nicht fragt bleibt dumm! &#8211; Im Fach Praktische Philosophie haben die Sch\u00fclerinnen und Sch\u00fcler die M\u00f6glichkeit, \u00fcber grundlegende Fragen des Lebens nachzudenken und zu diskutieren. Sie lernen, eigene Standpunkte zu entwickeln, Argumente zu formulieren und sich mit den Meinungen anderer respektvoll auseinanderzusetzen. Das Fach soll [&hellip;]<\/p>\n","protected":false},"author":1,"featured_media":0,"parent":0,"menu_order":0,"comment_status":"closed","ping_status":"closed","template":"","meta":{"footnotes":""},"class_list":["post-9609","page","type-page","status-publish","hentry"],"_links":{"self":[{"href":"https:\/\/fvs-stelltsichvor.de\/wordpress\/wp-json\/wp\/v2\/pages\/9609","targetHints":{"allow":["GET"]}}],"collection":[{"href":"https:\/\/fvs-stelltsichvor.de\/wordpress\/wp-json\/wp\/v2\/pages"}],"about":[{"href":"https:\/\/fvs-stelltsichvor.de\/wordpress\/wp-json\/wp\/v2\/types\/page"}],"author":[{"embeddable":true,"href":"https:\/\/fvs-stelltsichvor.de\/wordpress\/wp-json\/wp\/v2\/users\/1"}],"replies":[{"embeddable":true,"href":"https:\/\/fvs-stelltsichvor.de\/wordpress\/wp-json\/wp\/v2\/comments?post=9609"}],"version-history":[{"count":2,"href":"https:\/\/fvs-stelltsichvor.de\/wordpress\/wp-json\/wp\/v2\/pages\/9609\/revisions"}],"predecessor-version":[{"id":10402,"href":"https:\/\/fvs-stelltsichvor.de\/wordpress\/wp-json\/wp\/v2\/pages\/9609\/revisions\/10402"}],"wp:attachment":[{"href":"https:\/\/fvs-stelltsichvor.de\/wordpress\/wp-json\/wp\/v2\/media?parent=9609"}],"curies":[{"name":"wp","href":"https:\/\/api.w.org\/{rel}","templated":true}]}}