{"id":9575,"date":"2024-12-03T16:06:31","date_gmt":"2024-12-03T15:06:31","guid":{"rendered":"https:\/\/fvs-stelltsichvor.de\/wordpress\/?page_id=9575"},"modified":"2024-12-03T16:10:53","modified_gmt":"2024-12-03T15:10:53","slug":"englisch","status":"publish","type":"page","link":"https:\/\/fvs-stelltsichvor.de\/wordpress\/englisch\/","title":{"rendered":"Englisch"},"content":{"rendered":"\n<p class=\"has-large-font-size\">Englisch<\/p>\n\n\n\n<figure class=\"wp-block-image size-full\"><img loading=\"lazy\" decoding=\"async\" width=\"1000\" height=\"750\" src=\"https:\/\/fvs-stelltsichvor.de\/wordpress\/wp-content\/uploads\/2024\/12\/20241108_135425.jpg\" alt=\"\" class=\"wp-image-9576\" srcset=\"https:\/\/fvs-stelltsichvor.de\/wordpress\/wp-content\/uploads\/2024\/12\/20241108_135425.jpg 1000w, https:\/\/fvs-stelltsichvor.de\/wordpress\/wp-content\/uploads\/2024\/12\/20241108_135425-300x225.jpg 300w, https:\/\/fvs-stelltsichvor.de\/wordpress\/wp-content\/uploads\/2024\/12\/20241108_135425-768x576.jpg 768w\" sizes=\"auto, (max-width: 1000px) 100vw, 1000px\" \/><figcaption class=\"wp-element-caption\">Die Fachschaft Englisch<\/figcaption><\/figure>\n\n\n\n<p><strong>kurze Vorstellung des Fachs:<\/strong><\/p>\n\n\n\n<p>Willkommen bei der Englischfachschaft! Englisch er\u00f6ffnet neue Kulturen und globale Perspektiven, und wir legen gro\u00dfen Wert auf einen praxisnahen Unterricht.<\/p>\n\n\n\n<p>Ein Highlight ist unser digitaler Austausch mit der Partnerschule in Kairo, bei dem unsere Sch\u00fclerinnen und Sch\u00fcler ihre Sprachkenntnisse in Online-Projekten und Gespr\u00e4chen mit Gleichaltrigen aus \u00c4gypten anwenden k\u00f6nnen. Dies f\u00f6rdert nicht nur die Sprachpraxis, sondern auch interkulturelles Verst\u00e4ndnis.<\/p>\n\n\n\n<p>Zudem motivieren wir zur Teilnahme am Englischwettbewerb &#8222;The Big Challenge&#8220;, bei dem die Sch\u00fcler ihr Wissen europaweit messen und tolle Preise gewinnen k\u00f6nnen.<\/p>\n\n\n\n<p>Mit Engagement und moderner Methodik begleiten wir unsere Sch\u00fcler auf ihrem Weg zum Erfolg!<\/p>\n\n\n\n<p><strong>Zitate:<\/strong><\/p>\n\n\n\n\n\n\n<figure class=\"wp-block-gallery has-nested-images columns-default is-cropped wp-block-gallery-1 is-layout-flex wp-block-gallery-is-layout-flex\">\n<figure class=\"wp-block-image size-large\"><img loading=\"lazy\" decoding=\"async\" width=\"1024\" height=\"768\" data-id=\"9578\" src=\"https:\/\/fvs-stelltsichvor.de\/wordpress\/wp-content\/uploads\/2024\/12\/IMG_1504-1024x768.jpeg\" alt=\"\" class=\"wp-image-9578\" srcset=\"https:\/\/fvs-stelltsichvor.de\/wordpress\/wp-content\/uploads\/2024\/12\/IMG_1504-1024x768.jpeg 1024w, https:\/\/fvs-stelltsichvor.de\/wordpress\/wp-content\/uploads\/2024\/12\/IMG_1504-300x225.jpeg 300w, https:\/\/fvs-stelltsichvor.de\/wordpress\/wp-content\/uploads\/2024\/12\/IMG_1504-768x576.jpeg 768w, https:\/\/fvs-stelltsichvor.de\/wordpress\/wp-content\/uploads\/2024\/12\/IMG_1504-1536x1152.jpeg 1536w, https:\/\/fvs-stelltsichvor.de\/wordpress\/wp-content\/uploads\/2024\/12\/IMG_1504-2048x1536.jpeg 2048w\" sizes=\"auto, (max-width: 1024px) 100vw, 1024px\" \/><\/figure>\n\n\n\n<figure class=\"wp-block-image size-large\"><img loading=\"lazy\" decoding=\"async\" width=\"1024\" height=\"521\" data-id=\"9577\" src=\"https:\/\/fvs-stelltsichvor.de\/wordpress\/wp-content\/uploads\/2024\/12\/Bildschirmfoto-2024-11-27-um-12.10.20-1024x521.jpg\" alt=\"\" class=\"wp-image-9577\" srcset=\"https:\/\/fvs-stelltsichvor.de\/wordpress\/wp-content\/uploads\/2024\/12\/Bildschirmfoto-2024-11-27-um-12.10.20-1024x521.jpg 1024w, https:\/\/fvs-stelltsichvor.de\/wordpress\/wp-content\/uploads\/2024\/12\/Bildschirmfoto-2024-11-27-um-12.10.20-300x153.jpg 300w, https:\/\/fvs-stelltsichvor.de\/wordpress\/wp-content\/uploads\/2024\/12\/Bildschirmfoto-2024-11-27-um-12.10.20-768x391.jpg 768w, https:\/\/fvs-stelltsichvor.de\/wordpress\/wp-content\/uploads\/2024\/12\/Bildschirmfoto-2024-11-27-um-12.10.20-1536x782.jpg 1536w, https:\/\/fvs-stelltsichvor.de\/wordpress\/wp-content\/uploads\/2024\/12\/Bildschirmfoto-2024-11-27-um-12.10.20-2048x1042.jpg 2048w\" sizes=\"auto, (max-width: 1024px) 100vw, 1024px\" \/><\/figure>\n<\/figure>\n\n\n\n<p><strong>\u00dcbersicht \u00fcber die Unterrichtsvorhaben:<\/strong><\/p>\n\n\n\n<p><a href=\"https:\/\/fvs-stelltsichvor.de\/wordpress\/wp-content\/uploads\/2024\/12\/Uebersicht_UV_Englisch.pdf\">https:\/\/fvs-stelltsichvor.de\/wordpress\/wp-content\/uploads\/2024\/12\/Uebersicht_UV_Englisch.pdf<\/a><\/p>\n\n\n\n<p><strong>Linksammlung zum Fach:<\/strong><\/p>\n\n\n\n<p><a href=\"http:\/\/www.dict.cc\">www.dict.cc<\/a><br><a href=\"http:\/\/www.leo.org\">www.leo.org<\/a><\/p>\n\n\n\n<p><\/p>\n","protected":false},"excerpt":{"rendered":"<p>Englisch kurze Vorstellung des Fachs: Willkommen bei der Englischfachschaft! Englisch er\u00f6ffnet neue Kulturen und globale Perspektiven, und wir legen gro\u00dfen Wert auf einen praxisnahen Unterricht. Ein Highlight ist unser digitaler Austausch mit der Partnerschule in Kairo, bei dem unsere Sch\u00fclerinnen und Sch\u00fcler ihre Sprachkenntnisse in Online-Projekten und Gespr\u00e4chen mit Gleichaltrigen aus \u00c4gypten anwenden k\u00f6nnen. Dies [&hellip;]<\/p>\n","protected":false},"author":1,"featured_media":0,"parent":0,"menu_order":0,"comment_status":"closed","ping_status":"closed","template":"","meta":{"footnotes":""},"class_list":["post-9575","page","type-page","status-publish","hentry"],"_links":{"self":[{"href":"https:\/\/fvs-stelltsichvor.de\/wordpress\/wp-json\/wp\/v2\/pages\/9575","targetHints":{"allow":["GET"]}}],"collection":[{"href":"https:\/\/fvs-stelltsichvor.de\/wordpress\/wp-json\/wp\/v2\/pages"}],"about":[{"href":"https:\/\/fvs-stelltsichvor.de\/wordpress\/wp-json\/wp\/v2\/types\/page"}],"author":[{"embeddable":true,"href":"https:\/\/fvs-stelltsichvor.de\/wordpress\/wp-json\/wp\/v2\/users\/1"}],"replies":[{"embeddable":true,"href":"https:\/\/fvs-stelltsichvor.de\/wordpress\/wp-json\/wp\/v2\/comments?post=9575"}],"version-history":[{"count":2,"href":"https:\/\/fvs-stelltsichvor.de\/wordpress\/wp-json\/wp\/v2\/pages\/9575\/revisions"}],"predecessor-version":[{"id":9596,"href":"https:\/\/fvs-stelltsichvor.de\/wordpress\/wp-json\/wp\/v2\/pages\/9575\/revisions\/9596"}],"wp:attachment":[{"href":"https:\/\/fvs-stelltsichvor.de\/wordpress\/wp-json\/wp\/v2\/media?parent=9575"}],"curies":[{"name":"wp","href":"https:\/\/api.w.org\/{rel}","templated":true}]}}