{"id":842,"date":"2018-01-25T14:55:56","date_gmt":"2018-01-25T12:55:56","guid":{"rendered":"https:\/\/freiherrvomsteinblog.wordpress.com\/?page_id=842"},"modified":"2024-04-09T16:59:19","modified_gmt":"2024-04-09T14:59:19","slug":"formulare-fuer-eltern","status":"publish","type":"page","link":"https:\/\/fvs-stelltsichvor.de\/wordpress\/formulare-fuer-eltern\/","title":{"rendered":"Formulare f\u00fcr Eltern"},"content":{"rendered":"\n<p>Formular f\u00fcr den Antrag auf Beurlaubung:<\/p>\n\n\n\n<div data-wp-interactive=\"core\/file\" class=\"wp-block-file\"><object data-wp-bind--hidden=\"!state.hasPdfPreview\" hidden class=\"wp-block-file__embed\" data=\"https:\/\/fvs-stelltsichvor.de\/wordpress\/wp-content\/uploads\/2022\/07\/beurlaubung-antrag.pdf\" type=\"application\/pdf\" style=\"width:100%;height:600px\" aria-label=\"Einbettung von beurlaubung-antrag.\"><\/object><a id=\"wp-block-file--media-e3ce5a31-ae0c-4e13-bdff-e5d84d7a2db3\" href=\"https:\/\/fvs-stelltsichvor.de\/wordpress\/wp-content\/uploads\/2022\/07\/beurlaubung-antrag.pdf\">beurlaubung-antrag<\/a><a href=\"https:\/\/fvs-stelltsichvor.de\/wordpress\/wp-content\/uploads\/2022\/07\/beurlaubung-antrag.pdf\" class=\"wp-block-file__button wp-element-button\" download aria-describedby=\"wp-block-file--media-e3ce5a31-ae0c-4e13-bdff-e5d84d7a2db3\">Herunterladen<\/a><\/div>\n\n\n\n<p><\/p>\n\n\n\n<p>Anleitung f\u00fcr die ersten Schritte mit dem von der Schule ausgeliehenen iPads:<\/p>\n\n\n\n<div data-wp-interactive=\"core\/file\" class=\"wp-block-file\"><object data-wp-bind--hidden=\"!state.hasPdfPreview\" hidden class=\"wp-block-file__embed\" data=\"https:\/\/fvs-stelltsichvor.de\/wordpress\/wp-content\/uploads\/2022\/07\/anleitung-ipads-fvs.pdf\" type=\"application\/pdf\" style=\"width:100%;height:600px\" aria-label=\"Einbettung von anleitung-ipads-fvs.\"><\/object><a id=\"wp-block-file--media-3bf67747-4a94-4607-a840-c0b1ffe1aac7\" href=\"https:\/\/fvs-stelltsichvor.de\/wordpress\/wp-content\/uploads\/2022\/07\/anleitung-ipads-fvs.pdf\">anleitung-ipads-fvs<\/a><a href=\"https:\/\/fvs-stelltsichvor.de\/wordpress\/wp-content\/uploads\/2022\/07\/anleitung-ipads-fvs.pdf\" class=\"wp-block-file__button wp-element-button\" download aria-describedby=\"wp-block-file--media-3bf67747-4a94-4607-a840-c0b1ffe1aac7\">Herunterladen<\/a><\/div>\n\n\n\n<p>Formular f\u00fcr Fehlerbeschreibungen mit iPads:<\/p>\n\n\n\n<div data-wp-interactive=\"core\/file\" class=\"wp-block-file\"><object data-wp-bind--hidden=\"!state.hasPdfPreview\" hidden class=\"wp-block-file__embed\" data=\"https:\/\/fvs-stelltsichvor.de\/wordpress\/wp-content\/uploads\/2022\/07\/formular-zur-fehlermeldung-schueleripads-fill-in.pdf\" type=\"application\/pdf\" style=\"width:100%;height:600px\" aria-label=\"Einbettung von formular-zur-fehlermeldung-schueleripads-fill-in.\"><\/object><a id=\"wp-block-file--media-8803122a-be12-4d7b-a55c-772a1c636fc9\" href=\"https:\/\/fvs-stelltsichvor.de\/wordpress\/wp-content\/uploads\/2022\/07\/formular-zur-fehlermeldung-schueleripads-fill-in.pdf\">formular-zur-fehlermeldung-schueleripads-fill-in<\/a><a href=\"https:\/\/fvs-stelltsichvor.de\/wordpress\/wp-content\/uploads\/2022\/07\/formular-zur-fehlermeldung-schueleripads-fill-in.pdf\" class=\"wp-block-file__button wp-element-button\" download aria-describedby=\"wp-block-file--media-8803122a-be12-4d7b-a55c-772a1c636fc9\">Herunterladen<\/a><\/div>\n","protected":false},"excerpt":{"rendered":"<p>Formular f\u00fcr den Antrag auf Beurlaubung: Anleitung f\u00fcr die ersten Schritte mit dem von der Schule ausgeliehenen iPads: Formular f\u00fcr Fehlerbeschreibungen mit iPads:<\/p>\n","protected":false},"author":1,"featured_media":0,"parent":0,"menu_order":0,"comment_status":"closed","ping_status":"closed","template":"","meta":{"footnotes":""},"class_list":["post-842","page","type-page","status-publish","hentry"],"_links":{"self":[{"href":"https:\/\/fvs-stelltsichvor.de\/wordpress\/wp-json\/wp\/v2\/pages\/842","targetHints":{"allow":["GET"]}}],"collection":[{"href":"https:\/\/fvs-stelltsichvor.de\/wordpress\/wp-json\/wp\/v2\/pages"}],"about":[{"href":"https:\/\/fvs-stelltsichvor.de\/wordpress\/wp-json\/wp\/v2\/types\/page"}],"author":[{"embeddable":true,"href":"https:\/\/fvs-stelltsichvor.de\/wordpress\/wp-json\/wp\/v2\/users\/1"}],"replies":[{"embeddable":true,"href":"https:\/\/fvs-stelltsichvor.de\/wordpress\/wp-json\/wp\/v2\/comments?post=842"}],"version-history":[{"count":2,"href":"https:\/\/fvs-stelltsichvor.de\/wordpress\/wp-json\/wp\/v2\/pages\/842\/revisions"}],"predecessor-version":[{"id":8307,"href":"https:\/\/fvs-stelltsichvor.de\/wordpress\/wp-json\/wp\/v2\/pages\/842\/revisions\/8307"}],"wp:attachment":[{"href":"https:\/\/fvs-stelltsichvor.de\/wordpress\/wp-json\/wp\/v2\/media?parent=842"}],"curies":[{"name":"wp","href":"https:\/\/api.w.org\/{rel}","templated":true}]}}