{"id":774,"date":"2018-01-14T16:04:37","date_gmt":"2018-01-14T14:04:37","guid":{"rendered":"https:\/\/freiherrvomsteinblog.wordpress.com\/?page_id=774"},"modified":"2018-01-14T16:04:37","modified_gmt":"2018-01-14T14:04:37","slug":"delf","status":"publish","type":"page","link":"https:\/\/fvs-stelltsichvor.de\/wordpress\/delf\/","title":{"rendered":"DELF"},"content":{"rendered":"<p>Mit dem Abschluss der 10 erh\u00e4lt jeder, der als Wahlpflichtfach Franz\u00f6sisch hat, ein Diplom &#8211; ausgehend vom DELF (<em><strong>D<\/strong>ipl\u00f4me d\u2019<b>E<\/b>tudes en <b>l<\/b>angue <b>f<\/b>ran\u00e7aise<\/em>) mit der Lernstufe A2, was dem fortgeschrittenen Spracheinsteiger entspricht. Insgesamt gibt es 6 Lernstufen. A1 (Spracheinsteiger), A2 (fortgeschrittener Spracheinsteiger), B1 (unabh\u00e4ngig), B2 (unabh\u00e4ngig fortgeschritten), C1 (oberes Niveau) und C2 (Muttersprachler). Den 9.Kl\u00e4sslern auf unserer Schule wird ein Kurs angeboten, der jeden Montag zur 5. Stunde\u00a0stattfindet\u00a0und uns auf die Lernstufe B1 vorbereitet. Dort lernen wir, H\u00f6r- und Lesetexte zu verstehen, ohne jedes Wort zu verstehen, Texte zu schreiben und deutlicher und flie\u00dfender zu sprechen. Diese Chance wird allen 9. Kl\u00e4sslern als freiwilliger Zusatz geboten. Die Pr\u00fcfung findet\u00a0Mitte des n\u00e4chsten\u00a0Jahres unter der Leitung von Frau Sievers und Franz\u00f6sinnen und Franzosen vom Institut Fran<em>\u00e7<\/em>ais\u00a0statt. Abgefragt wird H\u00f6r- und Leseverstehen, Texte schreiben und sprechen.\u00a0Dies ist eine tolle M\u00f6glichkeit sein Franz\u00f6sisch zu verbessern.<\/p>\n<p>Artikel: Nadine Renkens<\/p>\n","protected":false},"excerpt":{"rendered":"<p>Mit dem Abschluss der 10 erh\u00e4lt jeder, der als Wahlpflichtfach Franz\u00f6sisch hat, ein Diplom &#8211; ausgehend vom DELF (Dipl\u00f4me d\u2019Etudes en langue fran\u00e7aise) mit der Lernstufe A2, was dem fortgeschrittenen Spracheinsteiger entspricht. Insgesamt gibt es 6 Lernstufen. A1 (Spracheinsteiger), A2 (fortgeschrittener Spracheinsteiger), B1 (unabh\u00e4ngig), B2 (unabh\u00e4ngig fortgeschritten), C1 (oberes Niveau) und C2 (Muttersprachler). Den 9.Kl\u00e4sslern [&hellip;]<\/p>\n","protected":false},"author":1,"featured_media":0,"parent":0,"menu_order":0,"comment_status":"closed","ping_status":"closed","template":"","meta":{"footnotes":""},"class_list":["post-774","page","type-page","status-publish","hentry"],"_links":{"self":[{"href":"https:\/\/fvs-stelltsichvor.de\/wordpress\/wp-json\/wp\/v2\/pages\/774","targetHints":{"allow":["GET"]}}],"collection":[{"href":"https:\/\/fvs-stelltsichvor.de\/wordpress\/wp-json\/wp\/v2\/pages"}],"about":[{"href":"https:\/\/fvs-stelltsichvor.de\/wordpress\/wp-json\/wp\/v2\/types\/page"}],"author":[{"embeddable":true,"href":"https:\/\/fvs-stelltsichvor.de\/wordpress\/wp-json\/wp\/v2\/users\/1"}],"replies":[{"embeddable":true,"href":"https:\/\/fvs-stelltsichvor.de\/wordpress\/wp-json\/wp\/v2\/comments?post=774"}],"version-history":[{"count":0,"href":"https:\/\/fvs-stelltsichvor.de\/wordpress\/wp-json\/wp\/v2\/pages\/774\/revisions"}],"wp:attachment":[{"href":"https:\/\/fvs-stelltsichvor.de\/wordpress\/wp-json\/wp\/v2\/media?parent=774"}],"curies":[{"name":"wp","href":"https:\/\/api.w.org\/{rel}","templated":true}]}}