{"id":721,"date":"2017-12-21T14:44:55","date_gmt":"2017-12-21T12:44:55","guid":{"rendered":"https:\/\/freiherrvomsteinblog.wordpress.com\/?page_id=721"},"modified":"2024-06-20T17:22:24","modified_gmt":"2024-06-20T15:22:24","slug":"streitschlichter","status":"publish","type":"page","link":"https:\/\/fvs-stelltsichvor.de\/wordpress\/streitschlichter\/","title":{"rendered":"Streitschlichtung reloaded 2.0\u00a0"},"content":{"rendered":"<div>\n<p class=\"p3\"><span class=\"s3\">\u201eStreiten geh\u00f6rt zum Leben, Vers\u00f6hnung aber auch!\u201c<\/span><\/p>\n<p class=\"p3\"><span class=\"s4\">Streitschlichtung &#8211; was ist das eigentlich?\u00a0<\/span><\/p>\n<p class=\"p3\"><span class=\"s2\">Ein Schlichtungsgespr\u00e4ch verl\u00e4uft nach festen Regeln. Es soll eine Win-Win-L\u00f6sung erarbeitet werden, sodass alle Konfliktparteien mit dem Ergebnis der Schlichtung zufrieden sind.\u00a0<\/span><\/p>\n<p class=\"p3\"><span class=\"s4\">Wie l\u00e4uft das Gespr\u00e4ch ab?\u00a0<\/span><\/p>\n<p class=\"p3\"><span class=\"s2\">Unsere erfahrenen Schulmediatorinnen, Frau Kunz-Petereit und Frau Best, helfen die Streitpunkte zu erkennen, eigene Standpunkte zu \u00fcberdenken und Kompromisse zu finden.\u00a0<\/span><\/p>\n<p class=\"p3\"><span class=\"s2\">Die Teilnahme am Schlichtungsgespr\u00e4ch ist freiwillig und alles wird vertraulich behandelt.\u00a0<\/span><\/p>\n<p class=\"p3\"><span class=\"s2\">Um Verbindlichkeit herzustellen, werden am Ende der Schlichtung die erarbeiteten Vereinbarungen in einem Vertrag schriftlich festgehalten und von allen Konfliktparteien unterschrieben.\u00a0<\/span><\/p>\n<p class=\"p3\"><span class=\"s4\">Die Streitschlichtersprechstunde<\/span><\/p>\n<p class=\"p3\"><span class=\"s2\">Die Streitschlichtersprechstunde findet nach Absprache mit den Schulmediatorinnen, Frau Kunz-Petereit und Frau Best, in der Sch\u00fclerb\u00fccherei (R016) in einem vertraulichen Rahmen statt.<\/span><\/p>\n<p class=\"p3\"><span class=\"s3\">\u201eAlso traut euch uns anzusprechen oder wendet euch an eure Klassenleitung.<\/span><\/p>\n<p class=\"p3\"><span class=\"s3\">Wir freuen uns auf euch!\u201c<\/span><\/p>\n<div dir=\"ltr\">Sandra Kunz-Petereit &amp; Alina Best<\/div>\n<\/div>\n\n\n<figure class=\"wp-block-image size-large\"><img loading=\"lazy\" decoding=\"async\" width=\"1024\" height=\"768\" src=\"https:\/\/fvs-stelltsichvor.de\/wordpress\/wp-content\/uploads\/2024\/06\/20240229_1014572-1024x768.jpg\" alt=\"\" class=\"wp-image-8353\" srcset=\"https:\/\/fvs-stelltsichvor.de\/wordpress\/wp-content\/uploads\/2024\/06\/20240229_1014572-1024x768.jpg 1024w, https:\/\/fvs-stelltsichvor.de\/wordpress\/wp-content\/uploads\/2024\/06\/20240229_1014572-300x225.jpg 300w, https:\/\/fvs-stelltsichvor.de\/wordpress\/wp-content\/uploads\/2024\/06\/20240229_1014572-768x576.jpg 768w, https:\/\/fvs-stelltsichvor.de\/wordpress\/wp-content\/uploads\/2024\/06\/20240229_1014572-1536x1152.jpg 1536w, https:\/\/fvs-stelltsichvor.de\/wordpress\/wp-content\/uploads\/2024\/06\/20240229_1014572.jpg 2000w\" sizes=\"auto, (max-width: 1024px) 100vw, 1024px\" \/><\/figure>\n","protected":false},"excerpt":{"rendered":"<p>\u201eStreiten geh\u00f6rt zum Leben, Vers\u00f6hnung aber auch!\u201c Streitschlichtung &#8211; was ist das eigentlich?\u00a0 Ein Schlichtungsgespr\u00e4ch verl\u00e4uft nach festen Regeln. Es soll eine Win-Win-L\u00f6sung erarbeitet werden, sodass alle Konfliktparteien mit dem Ergebnis der Schlichtung zufrieden sind.\u00a0 Wie l\u00e4uft das Gespr\u00e4ch ab?\u00a0 Unsere erfahrenen Schulmediatorinnen, Frau Kunz-Petereit und Frau Best, helfen die Streitpunkte zu erkennen, eigene Standpunkte [&hellip;]<\/p>\n","protected":false},"author":1,"featured_media":0,"parent":0,"menu_order":0,"comment_status":"closed","ping_status":"closed","template":"","meta":{"footnotes":""},"class_list":["post-721","page","type-page","status-publish","hentry"],"_links":{"self":[{"href":"https:\/\/fvs-stelltsichvor.de\/wordpress\/wp-json\/wp\/v2\/pages\/721","targetHints":{"allow":["GET"]}}],"collection":[{"href":"https:\/\/fvs-stelltsichvor.de\/wordpress\/wp-json\/wp\/v2\/pages"}],"about":[{"href":"https:\/\/fvs-stelltsichvor.de\/wordpress\/wp-json\/wp\/v2\/types\/page"}],"author":[{"embeddable":true,"href":"https:\/\/fvs-stelltsichvor.de\/wordpress\/wp-json\/wp\/v2\/users\/1"}],"replies":[{"embeddable":true,"href":"https:\/\/fvs-stelltsichvor.de\/wordpress\/wp-json\/wp\/v2\/comments?post=721"}],"version-history":[{"count":2,"href":"https:\/\/fvs-stelltsichvor.de\/wordpress\/wp-json\/wp\/v2\/pages\/721\/revisions"}],"predecessor-version":[{"id":8356,"href":"https:\/\/fvs-stelltsichvor.de\/wordpress\/wp-json\/wp\/v2\/pages\/721\/revisions\/8356"}],"wp:attachment":[{"href":"https:\/\/fvs-stelltsichvor.de\/wordpress\/wp-json\/wp\/v2\/media?parent=721"}],"curies":[{"name":"wp","href":"https:\/\/api.w.org\/{rel}","templated":true}]}}