{"id":6410,"date":"2022-07-14T13:31:13","date_gmt":"2022-07-14T11:31:13","guid":{"rendered":"https:\/\/fvs-stelltsichvor.de\/wordpress\/?page_id=6410"},"modified":"2022-07-15T10:53:08","modified_gmt":"2022-07-15T08:53:08","slug":"mint","status":"publish","type":"page","link":"https:\/\/fvs-stelltsichvor.de\/wordpress\/mint\/","title":{"rendered":"MINT"},"content":{"rendered":"\n<p>Webangebot f\u00fcr den Zeitraum der Corona-Krise:<\/p>\n\n\n\n<p>Dieses Web-Angebot soll bei Sch\u00fclerinnen und Sch\u00fclern Interesse wecken, sich auch zu Hause mit Mathematik, Informatik, Naturwissenschaften und Technik zu besch\u00e4ftigen. \u00dcber eine zentrale Internetseite gelangt man zu spannenden Aufgaben und Anregungen der rund 50 Allianz-Partner. Bestehende und neue Angebote werden geb\u00fcndelt. Zum Beispiel kann man in einem virtuellen Labor selbst chemische Versuche durchf\u00fchren. Oder man kann lernen, wie man einen Computer programmiert. Au\u00dferdem gibt es Experimente rund um das Thema Klima und vieles mehr.<\/p>\n\n\n\n<p>Sie erreichen das Webangebot zum Thema MINT \u00fcber diese Webseite:<\/p>\n\n\n\n<p><a href=\"https:\/\/www.mintmagie.de\/\">https:\/\/www.mintmagie.de\/<\/a><\/p>\n\n\n\n<figure class=\"wp-block-image size-full\"><img loading=\"lazy\" decoding=\"async\" width=\"664\" height=\"202\" src=\"https:\/\/fvs-stelltsichvor.de\/wordpress\/wp-content\/uploads\/2022\/07\/mint-refvs.jpg\" alt=\"\" class=\"wp-image-6749\" srcset=\"https:\/\/fvs-stelltsichvor.de\/wordpress\/wp-content\/uploads\/2022\/07\/mint-refvs.jpg 664w, https:\/\/fvs-stelltsichvor.de\/wordpress\/wp-content\/uploads\/2022\/07\/mint-refvs-300x91.jpg 300w\" sizes=\"auto, (max-width: 664px) 100vw, 664px\" \/><\/figure>\n\n\n\n<p><strong>F\u00f6rderung der naturwissenschaftlichen Bildung in der Realschule<\/strong><\/p>\n\n\n\n<p><strong>MINT-REAL<\/strong> \u00fcbertr\u00e4gt die Idee der mathematisch-naturwissenschaftlichen Excellence-Center, die sich zun\u00e4chst auf Gymnasien konzentrierte, auf Realschulen. Seit 2006 f\u00f6rdert arbeitgeber nrw (heute: unternehmer nrw) Realschulen, die sich f\u00fcr das Interesse ihrer Sch\u00fclerinnen und Sch\u00fcler durch herausragende Aktivit\u00e4ten im MINT-Bereich engagieren und so deren naturwissenschaftliche sowie technische Kenntnisse verbessern. So wird mit Unterst\u00fctzung von unternehmer nrw in NRW ein Netzwerk ausgew\u00e4hlter Realschulen aufgebaut, in dem sich diese Schulen als naturwissenschaftlich-technische Excellence-Center organisieren und sich intensiv \u00fcber Methoden, Materialien und Inhalte des mathematisch-naturwissenschaftlichen Unterrichts austauschen.<br>Am 14. Februar 2011 fand im Rahmen des 50. Erfahrungsaustausches SCHULEWIRTSCHAFT in Nordrhein-Westfalen zum zweiten Mal die feierliche \u00dcbergabe der MINT-G\u00fctesiegel an f\u00fcnf neue MINT-REALschulen statt. Unter diesen f\u00fcnf neuen MINT-REALschulen war auch die Freiherr-vom-Stein Realschule vertreten. Die Auszeichnung \u00fcbernahmen NRW-Schulministerin Sylvia L\u00f6hrmann und Dr. Hans-J\u00fcrgen Forst, Vorstandsmitglied der Landesvereinigung der Unternehmensverb\u00e4nde NRW e.V.<br>Die Anerkennung als MINT-REALschule setzt voraus, dass die Schule bereits ein \u00fcberdurchschnittliches Engagement in Mathematik und mindestens einem weiteren naturwissenschaftliche-technischen Fach aufweist. Die Zertifizierung und damit die Aufnahme in das \u201eMINT-REAL-Netzwerk\u201c ist mit der Unterst\u00fctzung dieser Schulen durch exklusive F\u00f6rderangebote, z.B. Fortbildungsveranstaltungen und Praktika f\u00fcr Lehrkr\u00e4fte sowie MINT-Camps f\u00fcr Sch\u00fclerinnen und Sch\u00fcler, verbunden.<\/p>\n\n\n\n<figure class=\"wp-block-image size-full\"><img loading=\"lazy\" decoding=\"async\" width=\"600\" height=\"400\" src=\"https:\/\/fvs-stelltsichvor.de\/wordpress\/wp-content\/uploads\/2022\/07\/mint1.jpg\" alt=\"\" class=\"wp-image-6751\" srcset=\"https:\/\/fvs-stelltsichvor.de\/wordpress\/wp-content\/uploads\/2022\/07\/mint1.jpg 600w, https:\/\/fvs-stelltsichvor.de\/wordpress\/wp-content\/uploads\/2022\/07\/mint1-300x200.jpg 300w\" sizes=\"auto, (max-width: 600px) 100vw, 600px\" \/><\/figure>\n","protected":false},"excerpt":{"rendered":"<p>Webangebot f\u00fcr den Zeitraum der Corona-Krise: Dieses Web-Angebot soll bei Sch\u00fclerinnen und Sch\u00fclern Interesse wecken, sich auch zu Hause mit Mathematik, Informatik, Naturwissenschaften und Technik zu besch\u00e4ftigen. \u00dcber eine zentrale Internetseite gelangt man zu spannenden Aufgaben und Anregungen der rund 50 Allianz-Partner. Bestehende und neue Angebote werden geb\u00fcndelt. Zum Beispiel kann man in einem virtuellen [&hellip;]<\/p>\n","protected":false},"author":1,"featured_media":0,"parent":0,"menu_order":0,"comment_status":"closed","ping_status":"closed","template":"","meta":{"footnotes":""},"class_list":["post-6410","page","type-page","status-publish","hentry"],"_links":{"self":[{"href":"https:\/\/fvs-stelltsichvor.de\/wordpress\/wp-json\/wp\/v2\/pages\/6410","targetHints":{"allow":["GET"]}}],"collection":[{"href":"https:\/\/fvs-stelltsichvor.de\/wordpress\/wp-json\/wp\/v2\/pages"}],"about":[{"href":"https:\/\/fvs-stelltsichvor.de\/wordpress\/wp-json\/wp\/v2\/types\/page"}],"author":[{"embeddable":true,"href":"https:\/\/fvs-stelltsichvor.de\/wordpress\/wp-json\/wp\/v2\/users\/1"}],"replies":[{"embeddable":true,"href":"https:\/\/fvs-stelltsichvor.de\/wordpress\/wp-json\/wp\/v2\/comments?post=6410"}],"version-history":[{"count":3,"href":"https:\/\/fvs-stelltsichvor.de\/wordpress\/wp-json\/wp\/v2\/pages\/6410\/revisions"}],"predecessor-version":[{"id":6753,"href":"https:\/\/fvs-stelltsichvor.de\/wordpress\/wp-json\/wp\/v2\/pages\/6410\/revisions\/6753"}],"wp:attachment":[{"href":"https:\/\/fvs-stelltsichvor.de\/wordpress\/wp-json\/wp\/v2\/media?parent=6410"}],"curies":[{"name":"wp","href":"https:\/\/api.w.org\/{rel}","templated":true}]}}