{"id":180,"date":"2017-07-09T10:55:55","date_gmt":"2017-07-09T08:55:55","guid":{"rendered":"https:\/\/freiherrvomsteinblog.wordpress.com\/?page_id=180"},"modified":"2023-02-15T15:38:17","modified_gmt":"2023-02-15T14:38:17","slug":"foerderverein","status":"publish","type":"page","link":"https:\/\/fvs-stelltsichvor.de\/wordpress\/foerderverein\/","title":{"rendered":"F\u00f6rderverein"},"content":{"rendered":"<p>Wir sind &#8211;<br \/>\nein gemeinn\u00fctziger Verein mit nur ehrenamtlichen Mitgliedern, vor allem Eltern, Freunden und Lehrkr\u00e4ften. Zur Zeit helfen uns ca. 240 Mitglieder.<\/p>\n<p>Wir setzen uns ein &#8211;<br \/>\nf\u00fcr die Beschaffung und Erweiterung von Lehrmitteln, f\u00fcr die \u00f6ffentliche Mittel nicht oder nicht ausreichend zur Verf\u00fcgung stehen.<\/p>\n<p>Folgende Projekte haben wir in letzter Zeit unterst\u00fctzt:<\/p>\n<ul>\n<li>LCD-Beamer f\u00fcr den Physikraum<\/li>\n<li>Laminierger\u00e4t mit Folien, Papierschneidemaschine und Laubs\u00e4gen f\u00fcr den Kunstunterricht<\/li>\n<li>\u00dcbernahme eines Teils der Kosten f\u00fcr die Modernisierung des Biologieraums<\/li>\n<li>Gitarre, Gitarrenst\u00e4nder und Mikrofon f\u00fcr den Musikunterricht<\/li>\n<li>Videokamera f\u00fcr die Schule<\/li>\n<li>Drei Mikroskope f\u00fcr den Biologieraum<\/li>\n<li>Finanzielle Unterst\u00fctzung des Schulsanit\u00e4tsdienstes<\/li>\n<li>Vier Overhead-Projektoren<\/li>\n<li>und noch viele andere Vorhaben &#8230;.<\/li>\n<\/ul>\n<p>Vorsitzende: Frau Michaela Reisbitzen<br \/>\nVertreter: Herr Gregor Gr\u00e4tz<br \/>\nKassierer: Herr Stefan Hanrath<\/p>\n<p>Unterst\u00fctzen auch Sie den F\u00f6rderverein durch Ihre Mitgliedschaft oder mit Ihrer Spende. Beitrittserkl\u00e4rungen erhalten Sie im Schulsekretariat der Freiherr-vom-Stein Schule.<br \/>\nSpenden an: Bankverbindung: Sparkasse Krefeld BLZ 32050000, Konto Nr. 46008579<\/p>\n<p>Alte Satzung:<\/p>\n<p><a href=\"https:\/\/fvs-stelltsichvor.de\/wordpress\/wp-content\/uploads\/2023\/02\/Satzung.pdf\">Satzung<\/a><\/p>\n<p>Neue Satzung:<\/p>\n<p><a href=\"https:\/\/fvs-stelltsichvor.de\/wordpress\/wp-content\/uploads\/2023\/02\/Satzung_neu2023.pdf\">Satzung_neu2023<\/a><\/p>\n","protected":false},"excerpt":{"rendered":"<p>Wir sind &#8211; ein gemeinn\u00fctziger Verein mit nur ehrenamtlichen Mitgliedern, vor allem Eltern, Freunden und Lehrkr\u00e4ften. Zur Zeit helfen uns ca. 240 Mitglieder. Wir setzen uns ein &#8211; f\u00fcr die Beschaffung und Erweiterung von Lehrmitteln, f\u00fcr die \u00f6ffentliche Mittel nicht oder nicht ausreichend zur Verf\u00fcgung stehen. Folgende Projekte haben wir in letzter Zeit unterst\u00fctzt: LCD-Beamer [&hellip;]<\/p>\n","protected":false},"author":1,"featured_media":0,"parent":0,"menu_order":0,"comment_status":"closed","ping_status":"closed","template":"","meta":{"footnotes":""},"class_list":["post-180","page","type-page","status-publish","hentry"],"_links":{"self":[{"href":"https:\/\/fvs-stelltsichvor.de\/wordpress\/wp-json\/wp\/v2\/pages\/180","targetHints":{"allow":["GET"]}}],"collection":[{"href":"https:\/\/fvs-stelltsichvor.de\/wordpress\/wp-json\/wp\/v2\/pages"}],"about":[{"href":"https:\/\/fvs-stelltsichvor.de\/wordpress\/wp-json\/wp\/v2\/types\/page"}],"author":[{"embeddable":true,"href":"https:\/\/fvs-stelltsichvor.de\/wordpress\/wp-json\/wp\/v2\/users\/1"}],"replies":[{"embeddable":true,"href":"https:\/\/fvs-stelltsichvor.de\/wordpress\/wp-json\/wp\/v2\/comments?post=180"}],"version-history":[{"count":2,"href":"https:\/\/fvs-stelltsichvor.de\/wordpress\/wp-json\/wp\/v2\/pages\/180\/revisions"}],"predecessor-version":[{"id":7344,"href":"https:\/\/fvs-stelltsichvor.de\/wordpress\/wp-json\/wp\/v2\/pages\/180\/revisions\/7344"}],"wp:attachment":[{"href":"https:\/\/fvs-stelltsichvor.de\/wordpress\/wp-json\/wp\/v2\/media?parent=180"}],"curies":[{"name":"wp","href":"https:\/\/api.w.org\/{rel}","templated":true}]}}