{"id":135,"date":"2017-07-08T22:23:45","date_gmt":"2017-07-08T20:23:45","guid":{"rendered":"https:\/\/freiherrvomsteinblog.wordpress.com\/?page_id=135"},"modified":"2022-07-15T13:01:34","modified_gmt":"2022-07-15T11:01:34","slug":"berufsorientierung","status":"publish","type":"page","link":"https:\/\/fvs-stelltsichvor.de\/wordpress\/berufsorientierung\/","title":{"rendered":"Berufsorientierung"},"content":{"rendered":"\n<p><img loading=\"lazy\" decoding=\"async\" width=\"1204\" height=\"886\" class=\"wp-image-6795\" style=\"width: 1204px;\" src=\"https:\/\/fvs-stelltsichvor.de\/wordpress\/wp-content\/uploads\/2022\/07\/20200313_1144272.jpg\" alt=\"\" srcset=\"https:\/\/fvs-stelltsichvor.de\/wordpress\/wp-content\/uploads\/2022\/07\/20200313_1144272.jpg 1200w, https:\/\/fvs-stelltsichvor.de\/wordpress\/wp-content\/uploads\/2022\/07\/20200313_1144272-300x221.jpg 300w, https:\/\/fvs-stelltsichvor.de\/wordpress\/wp-content\/uploads\/2022\/07\/20200313_1144272-1024x753.jpg 1024w, https:\/\/fvs-stelltsichvor.de\/wordpress\/wp-content\/uploads\/2022\/07\/20200313_1144272-768x565.jpg 768w\" sizes=\"auto, (max-width: 1204px) 100vw, 1204px\" \/><\/p>\n\n\n\n<p>Dieses Bild wurde Suedea Seng\u00fcl und Emily Patzke im 10er Kunst Kurs im Schuljahr 2019\/20  gemalt.<\/p>\n\n\n\n<figure class=\"wp-block-image size-large\"><img loading=\"lazy\" decoding=\"async\" width=\"1024\" height=\"384\" src=\"https:\/\/fvs-stelltsichvor.de\/wordpress\/wp-content\/uploads\/2022\/07\/schul-bild-banner-1024x384.jpg\" alt=\"\" class=\"wp-image-6796\" srcset=\"https:\/\/fvs-stelltsichvor.de\/wordpress\/wp-content\/uploads\/2022\/07\/schul-bild-banner-1024x384.jpg 1024w, https:\/\/fvs-stelltsichvor.de\/wordpress\/wp-content\/uploads\/2022\/07\/schul-bild-banner-300x113.jpg 300w, https:\/\/fvs-stelltsichvor.de\/wordpress\/wp-content\/uploads\/2022\/07\/schul-bild-banner-768x288.jpg 768w, https:\/\/fvs-stelltsichvor.de\/wordpress\/wp-content\/uploads\/2022\/07\/schul-bild-banner.jpg 1200w\" sizes=\"auto, (max-width: 1024px) 100vw, 1024px\" \/><\/figure>\n\n\n\n<h2 class=\"wp-block-heading\">Tipps zur Berufswahl vom Portal <em>Jobb\u00f6rse<\/em>:<\/h2>\n\n\n\n<p>&#8211; f\u00fcr die Ausbildungssuche: https:\/\/www.jobb\u00f6rse-stellenangebote.de\/ausbildung\/<\/p>\n\n\n\n<p>&#8211; f\u00fcr die Praktikumssuche: https:\/\/www.jobb\u00f6rse-stellenangebote.de\/praktikum\/<\/p>\n\n\n\n<p>&#8211; f\u00fcr Berufsorientierung: https:\/\/www.jobb\u00f6rse-stellenangebote.de\/jobs\/berufsfeld\/<\/p>\n\n\n\n<h2 class=\"wp-block-heading\"><\/h2>\n\n\n\n<h2 class=\"wp-block-heading\">Berufswahl an der Freiherr-vom-Stein-Schule als reflexiver Selbstfindungsprozess<\/h2>\n\n\n\n<p>Es ist die grunds\u00e4tzliche Aufgabe der Schule und aller Lehrkr\u00e4fte, die Berufswahlkompetenz ihrer Sch\u00fclerinnen und Sch\u00fcler und die damit verbundene Ausbildungsf\u00e4higkeit zu erreichen. Die Berufsorientierung beginnt bereits in Klasse 5 (z.B. Wunschberufe) und wird systematisch aufgebaut. Die Schule vermittelt Kenntnisse \u00fcber die Wirtschafts- und Arbeitswelt, f\u00fchrt Betriebserkundungen und Praktika zur Realbegegnung durch. Sie hilft dar\u00fcber hinaus Eltern sowie Sch\u00fclerinnen und Sch\u00fclern mit Rat und Tat bei der Planung f\u00fcr zuk\u00fcnftige Bildungswege. Die Umsetzung des Konzeptes ist die Aufgabe aller F\u00e4cher, schwerpunktm\u00e4\u00dfig in den F\u00e4chern Deutsch, Arbeitslehre Wirtschaft und im Wahlpflichtbereich.<\/p>\n\n\n\n<p><strong>\u00dcbersicht<\/strong><\/p>\n\n\n\n<figure class=\"wp-block-table\"><table><tbody><tr><td><strong>7<\/strong><\/td><td><strong>8.1<\/strong><\/td><td><strong>8.2<\/strong><\/td><td><strong>9.1<\/strong><\/td><td><strong>9.2<\/strong><\/td><td><strong>10.1<\/strong><\/td><td><strong>10.2<\/strong><\/td><\/tr><tr><td>\n<p align=\"center\"><strong>Berufliche Schwerpunkte im Wahlpflichtunterricht<\/strong><br>\nAb Klasse 7 w\u00e4hlen unsere Sch\u00fclerinnen und Sch\u00fcler aus den Bereichen<\/p>\n<ul class=\"mitte\">\n<li>Chemie<\/li>\n<li>Biologie<\/li>\n<li>Sozialwissenschaften<\/li>\n<li>Franz\u00f6sisch<\/li>\n<\/ul>\n<\/td><\/tr><tr><td>\n<hr width=\"10\" size=\"2\" noshade=\"noshade\">\n<\/td><td><strong>Berufsorientierung in allen F\u00e4chern- besonders in Deutsch und Arbeitslehre Wirtschaft<\/strong><\/td><\/tr><tr><td>\n<hr width=\"10\" size=\"2\" noshade=\"noshade\">\n<\/td><td><strong><span style=\"color:#ffffff;\">Berufswahlpass NRW<\/span><\/strong><\/td><\/tr><tr><td>\n<hr width=\"10\" size=\"2\" noshade=\"noshade\">\n<\/td><td><strong>F\u00e4cher\u00fcbergreifend: Potenziale erkennen \u2013 Kompetenzen f\u00f6rdern<\/strong><\/td><\/tr><tr><td>\n<hr width=\"10\" size=\"2\" noshade=\"noshade\">\n<\/td><td><strong>Berufswahlberatung \u2013 Intern und extern (siehe Beratungskonzept)<\/strong><\/td><\/tr><tr><td>\n<hr width=\"10\" size=\"2\" noshade=\"noshade\">\n<\/td><td><strong>Check In, Boys und Girls Day<\/strong><\/td><\/tr><\/tbody><\/table><\/figure>\n\n\n\n<p><strong>Im Detail<\/strong><\/p>\n\n\n\n<figure class=\"wp-block-table\"><table><tbody><tr><td><strong>10.2<\/strong><\/td><td><strong>Anschluss<\/strong><br>\nDokumentation des Anschlusses<\/td><\/tr><tr><td><strong>10.1<\/strong><\/td><td><strong>Beratungsgespr\u00e4che durch die Klassenleitung<\/strong><br>\nAnschlussvereinbarungBerufsberatung durch Kooperationspartner<p><\/p>\n<ul class=\"links\">\n<li>Berufsberater der Agentur f\u00fcr Arbeit<\/li>\n<li>Informationsveranstaltung der Berufskollegs<\/li>\n<li>Infomesse zu den Pflegeberufen an den Berufsschulen<\/li>\n<li>Vocatium<\/li>\n<li>Schulsprechstunde durch die BfA<\/li>\n<\/ul>\n<\/td><\/tr><tr><td><strong>9.2<\/strong><\/td><td>\n<p align=\"center\"><strong>Bewerbungstraining durch Kooperationspartner Evonik<\/strong><\/p>\n<p>Bewerbungsmappen, Bewerbungsgespr\u00e4che, Telefongespr\u00e4che, Pr\u00e4sentationen, ggf. Videografien<\/p>\n<p align=\"center\"><strong>Sch\u00fclerbetriebspraktikum<\/strong><\/p>\n<p>In einem dreiw\u00f6chigen Praktikum k\u00f6nnen sich unsere Sch\u00fclerinnen und Sch\u00fcler in einem m\u00f6glichst selbst gew\u00e4hlten Arbeitsbereich austesten und ggf. ihren Ausbildungswunsch festigen.<\/p><\/td><\/tr><tr><td><strong>9.1<\/strong><\/td><td>\n<p align=\"center\"><strong>Berufsberatung durch Kooperationspartner<\/strong><\/p>\n<p>Informationsveranstaltung an den Berufsschulen (Berufsschultag)<br>\nBerufsberater der Agentur f\u00fcr Arbeit<br>\nDate your Job, Karriere Powerplay<\/p>\n<p align=\"center\"><strong>Besuch des BIZ<\/strong><\/p>\n<p>Einf\u00fchrung ins Berufsinformationszentrum der Agentur f\u00fcr Arbeit<\/p>\n<p align=\"center\"><strong>BO-Stunde durch den Klassenlehrer in der 9. Klasse<\/strong><\/p>\n<p>Durchg\u00e4ngige Beratung und Betreuung durch den Klassenlehrer<\/p><\/td><\/tr><tr><td><strong>8.2<\/strong><\/td><td>\n<p align=\"center\"><strong>Berufsfelderkundung<\/strong><\/p>\n<p>An 3 Tagen werden unterschiedliche Berufsfelder erkundet<br>\n&#8211; Info-Bus der Metall- und Elektroberufe<\/p><\/td><\/tr><tr><td><strong>8.1<\/strong><\/td><td>\n<p align=\"center\"><strong>Potenzialanalyse<\/strong><\/p>\n<p>Individuelle Potenziale werden durch einen Bildungstr\u00e4ger (B.I.W.) festgestellt:<\/p>\n<ul class=\"links\">\n<li>Erhebung und Analyse der Daten; Beratungsgespr\u00e4ch mit den Erziehungsberechtigten<\/li>\n<li>Nutzen der Ergebnisse in der Schule zur individuellen F\u00f6rderung<br>\n+ Informationsabend f\u00fcr Sch\u00fcler und Eltern<\/li>\n<\/ul>\n<p align=\"center\"><strong>Einf\u00fchrung des BWP<br>\nElterninformationsabend<\/strong><\/p>\n<p>\u00dcberblick \u00fcber die Elemente der Berufsorientierung in 8-10<\/p><\/td><\/tr><tr><td><strong>7<\/strong><\/td><td>\n<p align=\"center\"><strong>Alle 7. Klassen halbj\u00e4hrlich Einf\u00fchrung am PC (Informatik)<\/strong><\/p>\n<\/td><\/tr><\/tbody><\/table><\/figure>\n","protected":false},"excerpt":{"rendered":"<p>Dieses Bild wurde Suedea Seng\u00fcl und Emily Patzke im 10er Kunst Kurs im Schuljahr 2019\/20 gemalt. Tipps zur Berufswahl vom Portal Jobb\u00f6rse: &#8211; f\u00fcr die Ausbildungssuche: https:\/\/www.jobb\u00f6rse-stellenangebote.de\/ausbildung\/ &#8211; f\u00fcr die Praktikumssuche: https:\/\/www.jobb\u00f6rse-stellenangebote.de\/praktikum\/ &#8211; f\u00fcr Berufsorientierung: https:\/\/www.jobb\u00f6rse-stellenangebote.de\/jobs\/berufsfeld\/ Berufswahl an der Freiherr-vom-Stein-Schule als reflexiver Selbstfindungsprozess Es ist die grunds\u00e4tzliche Aufgabe der Schule und aller Lehrkr\u00e4fte, die Berufswahlkompetenz [&hellip;]<\/p>\n","protected":false},"author":1,"featured_media":0,"parent":0,"menu_order":0,"comment_status":"closed","ping_status":"closed","template":"","meta":{"footnotes":""},"class_list":["post-135","page","type-page","status-publish","hentry"],"_links":{"self":[{"href":"https:\/\/fvs-stelltsichvor.de\/wordpress\/wp-json\/wp\/v2\/pages\/135","targetHints":{"allow":["GET"]}}],"collection":[{"href":"https:\/\/fvs-stelltsichvor.de\/wordpress\/wp-json\/wp\/v2\/pages"}],"about":[{"href":"https:\/\/fvs-stelltsichvor.de\/wordpress\/wp-json\/wp\/v2\/types\/page"}],"author":[{"embeddable":true,"href":"https:\/\/fvs-stelltsichvor.de\/wordpress\/wp-json\/wp\/v2\/users\/1"}],"replies":[{"embeddable":true,"href":"https:\/\/fvs-stelltsichvor.de\/wordpress\/wp-json\/wp\/v2\/comments?post=135"}],"version-history":[{"count":2,"href":"https:\/\/fvs-stelltsichvor.de\/wordpress\/wp-json\/wp\/v2\/pages\/135\/revisions"}],"predecessor-version":[{"id":6798,"href":"https:\/\/fvs-stelltsichvor.de\/wordpress\/wp-json\/wp\/v2\/pages\/135\/revisions\/6798"}],"wp:attachment":[{"href":"https:\/\/fvs-stelltsichvor.de\/wordpress\/wp-json\/wp\/v2\/media?parent=135"}],"curies":[{"name":"wp","href":"https:\/\/api.w.org\/{rel}","templated":true}]}}