{"id":132,"date":"2017-07-08T22:23:45","date_gmt":"2017-07-08T20:23:45","guid":{"rendered":"https:\/\/freiherrvomsteinblog.wordpress.com\/?page_id=132"},"modified":"2024-11-16T10:48:05","modified_gmt":"2024-11-16T09:48:05","slug":"sekretariat","status":"publish","type":"page","link":"https:\/\/fvs-stelltsichvor.de\/wordpress\/sekretariat\/","title":{"rendered":"Sekretariat"},"content":{"rendered":"<div data-colibri-id=\"132-c1\" class=\"style-650 style-local-132-c1 position-relative\">\n  <!---->\n  <div data-colibri-component=\"section\" data-colibri-id=\"132-c2\" id=\"initial-content\" class=\"h-section h-section-global-spacing d-flex align-items-lg-center align-items-md-center align-items-center style-651 style-local-132-c2 position-relative\">\n    <!---->\n    <!---->\n    <div class=\"h-section-grid-container h-section-boxed-container\">\n      <!---->\n      <div data-colibri-id=\"132-c3\" class=\"h-row-container gutters-row-lg-2 gutters-row-md-2 gutters-row-0 gutters-row-v-lg-2 gutters-row-v-md-2 gutters-row-v-2 style-652 style-local-132-c3 position-relative\">\n        <!---->\n        <div class=\"h-row justify-content-lg-center justify-content-md-center justify-content-center align-items-lg-stretch align-items-md-stretch align-items-stretch gutters-col-lg-2 gutters-col-md-2 gutters-col-0 gutters-col-v-lg-2 gutters-col-v-md-2 gutters-col-v-2\">\n          <!---->\n          <div class=\"h-column h-column-container d-flex h-col-lg-auto h-col-md-auto h-col-auto style-653-outer style-local-132-c4-outer\">\n            <div data-colibri-id=\"132-c4\" class=\"d-flex h-flex-basis h-column__inner h-px-lg-2 h-px-md-2 h-px-2 v-inner-lg-2 v-inner-md-2 v-inner-2 style-653 style-local-132-c4 position-relative\">\n              <!---->\n              <!---->\n              <div class=\"w-100 h-y-container h-column__content h-column__v-align flex-basis-100 align-self-lg-start align-self-md-start align-self-start\">\n                <!---->\n                <div data-colibri-id=\"132-c5\" class=\"style-654 style-local-132-c5 position-relative h-element\">\n                  <!---->\n                  <div>\n                    \n                    <p>F\u00fcr Sch\u00fclerinnen und Sch\u00fcler sind die Schulb\u00fcros nur in der 1. gro\u00dfen Pause ge\u00f6ffnet.<\/p>\n                    \n\n                    \n                    <p>Krankmeldungen werden nur \u00fcber den Schulmanager entgegengenommen.<\/p>\n                    \n\n                    \n                    <p>Schulbescheinigungen bitte nur per E-Mail unter\n                      <a href=\"mailto:sekretariat@refvs.nrw.schule\">sekretariat@refvs.nrw.schule<\/a> bestellen. Bei Betreff bitte Klasse und Namen des Kindes eintragen.<\/p>\n                    \n\n                    \n                    <p>Unsere Ansprechpartnerin im Schulb\u00fcro am <strong>Hauptstandort<\/strong> ist <strong>Frau Jabs.<\/strong><\/p>\n                    \n\n                    \n                    <p>Dieses Schulb\u00fcro ist montags \u2013 freitags in der Zeit von 07:30 bis 13:30 Uhr ge\u00f6ffnet.<\/p>\n                    \n\n                    \n                    <p>Anrufe von Eltern erbitten wir aus organisatorischen Gr\u00fcnden zwischen 08:00 und 12:30 Uhr unter 02151 \/ 37490.\n                      <br>\n                      <br>\n                    <\/p>\n                    \n\n                    \n                    <p>Unsere Ansprechpartnerin im Schulb\u00fcro am <strong>Teilstandort<\/strong> ist Frau <strong>Kloth<\/strong>.<\/p>\n                    \n\n                    \n                    <p>Dieses Schulb\u00fcro ist montags \u2013 donnerstags in der Zeit von 07:30 bis 12:30 Uhr ge\u00f6ffnet.<\/p>\n                    \n\n                    \n                    <p>Anrufe von Eltern erbitten wir aus organisatorischen Gr\u00fcnden zwischen 08:00 und 12:00 Uhr unter 02151 \/ 300442.<\/p>\n                    \n\n                    \n                    <p>Freitags bleibt das Schulb\u00fcro am Teilstandort geschlossen.<\/p>\n                    \n                  <\/div>\n                <\/div>\n              <\/div>\n            <\/div>\n          <\/div>\n        <\/div>\n      <\/div>\n    <\/div>\n  <\/div>\n<\/div>","protected":false},"excerpt":{"rendered":"<p>F\u00fcr Sch\u00fclerinnen und Sch\u00fcler sind die Schulb\u00fcros nur in der 1. gro\u00dfen Pause ge\u00f6ffnet. Krankmeldungen werden nur \u00fcber den Schulmanager entgegengenommen. Schulbescheinigungen bitte nur per E-Mail unter sekretariat@refvs.nrw.schule bestellen. Bei Betreff bitte Klasse und Namen des Kindes eintragen. Unsere Ansprechpartnerin im Schulb\u00fcro am Hauptstandort ist Frau Jabs. Dieses Schulb\u00fcro ist montags \u2013 freitags in der [&hellip;]<\/p>\n","protected":false},"author":1,"featured_media":0,"parent":0,"menu_order":0,"comment_status":"closed","ping_status":"closed","template":"page-templates\/full-width-page.php","meta":{"footnotes":""},"class_list":["post-132","page","type-page","status-publish","hentry"],"_links":{"self":[{"href":"https:\/\/fvs-stelltsichvor.de\/wordpress\/wp-json\/wp\/v2\/pages\/132","targetHints":{"allow":["GET"]}}],"collection":[{"href":"https:\/\/fvs-stelltsichvor.de\/wordpress\/wp-json\/wp\/v2\/pages"}],"about":[{"href":"https:\/\/fvs-stelltsichvor.de\/wordpress\/wp-json\/wp\/v2\/types\/page"}],"author":[{"embeddable":true,"href":"https:\/\/fvs-stelltsichvor.de\/wordpress\/wp-json\/wp\/v2\/users\/1"}],"replies":[{"embeddable":true,"href":"https:\/\/fvs-stelltsichvor.de\/wordpress\/wp-json\/wp\/v2\/comments?post=132"}],"version-history":[{"count":3,"href":"https:\/\/fvs-stelltsichvor.de\/wordpress\/wp-json\/wp\/v2\/pages\/132\/revisions"}],"predecessor-version":[{"id":9362,"href":"https:\/\/fvs-stelltsichvor.de\/wordpress\/wp-json\/wp\/v2\/pages\/132\/revisions\/9362"}],"wp:attachment":[{"href":"https:\/\/fvs-stelltsichvor.de\/wordpress\/wp-json\/wp\/v2\/media?parent=132"}],"curies":[{"name":"wp","href":"https:\/\/api.w.org\/{rel}","templated":true}]}}